{"id":23,"date":"2025-08-28T14:09:49","date_gmt":"2025-08-28T14:09:49","guid":{"rendered":"https:\/\/fundacionsemillademostaza.com\/?page_id=23"},"modified":"2025-09-04T15:26:28","modified_gmt":"2025-09-04T15:26:28","slug":"quienes-somos","status":"publish","type":"page","link":"https:\/\/fundacionsemillademostaza.com\/en\/quienes-somos\/","title":{"rendered":"About Us"},"content":{"rendered":"<div data-elementor-type=\"wp-page\" data-elementor-id=\"23\" class=\"elementor elementor-23\" data-elementor-settings=\"{&quot;ha_cmc_init_switcher&quot;:&quot;no&quot;}\" data-elementor-post-type=\"page\">\n\t\t\t\t<div class=\"elementor-element elementor-element-5d28f5b e-flex e-con-boxed e-con e-parent\" data-id=\"5d28f5b\" data-element_type=\"container\" data-settings=\"{&quot;background_background&quot;:&quot;classic&quot;,&quot;_ha_eqh_enable&quot;:false}\">\n\t\t\t\t\t<div class=\"e-con-inner\">\n\t\t\t\t<div class=\"elementor-element elementor-element-87fb8da elementor-widget elementor-widget-heading\" data-id=\"87fb8da\" data-element_type=\"widget\" data-widget_type=\"heading.default\">\n\t\t\t\t\t<h2 class=\"elementor-heading-title elementor-size-default\">\u00bf Qui\u00e9nes S\u00f3mos ?<\/h2>\t\t\t\t<\/div>\n\t\t<div class=\"elementor-element elementor-element-179dc94 e-con-full e-flex e-con e-child\" data-id=\"179dc94\" data-element_type=\"container\" data-settings=\"{&quot;_ha_eqh_enable&quot;:false}\">\n\t\t\t\t<div class=\"elementor-element elementor-element-01ab629 elementor-align-center elementor-widget elementor-widget-button\" data-id=\"01ab629\" data-element_type=\"widget\" data-widget_type=\"button.default\">\n\t\t\t\t\t\t\t\t\t\t<a class=\"elementor-button elementor-button-link elementor-size-sm elementor-animation-shrink\" href=\"https:\/\/fundacionsemillademostaza.com\/en\/quiero-ayudar\/\">\n\t\t\t\t\t\t<span class=\"elementor-button-content-wrapper\">\n\t\t\t\t\t\t\t\t\t<span class=\"elementor-button-text\">\u00bf C\u00f3mo puedo ayudar ?<\/span>\n\t\t\t\t\t<\/span>\n\t\t\t\t\t<\/a>\n\t\t\t\t\t\t\t\t<\/div>\n\t\t\t\t<div class=\"elementor-element elementor-element-d28dde4 elementor-align-center elementor-widget elementor-widget-button\" data-id=\"d28dde4\" data-element_type=\"widget\" data-widget_type=\"button.default\">\n\t\t\t\t\t\t\t\t\t\t<a class=\"elementor-button elementor-button-link elementor-size-sm elementor-animation-shrink\" href=\"https:\/\/fundacionsemillademostaza.com\/wp-content\/uploads\/2025\/09\/ESTATUTOS-vers-3.pdf\" target=\"_blank\" download=\"ESTATUTOS LEGALES\">\n\t\t\t\t\t\t<span class=\"elementor-button-content-wrapper\">\n\t\t\t\t\t\t\t\t\t<span class=\"elementor-button-text\">Ver Estatutos Legales<\/span>\n\t\t\t\t\t<\/span>\n\t\t\t\t\t<\/a>\n\t\t\t\t\t\t\t\t<\/div>\n\t\t\t\t<\/div>\n\t\t\t\t\t<\/div>\n\t\t\t\t<\/div>\n\t\t\t\t<section class=\"elementor-section elementor-top-section elementor-element elementor-element-66880215 elementor-section-boxed elementor-section-height-default elementor-section-height-default\" data-id=\"66880215\" data-element_type=\"section\" data-settings=\"{&quot;background_background&quot;:&quot;classic&quot;,&quot;_ha_eqh_enable&quot;:false}\">\n\t\t\t\t\t\t<div class=\"elementor-container elementor-column-gap-default\">\n\t\t\t\t\t<div class=\"elementor-column elementor-col-50 elementor-top-column elementor-element elementor-element-51d087b\" data-id=\"51d087b\" data-element_type=\"column\">\n\t\t\t<div class=\"elementor-widget-wrap elementor-element-populated\">\n\t\t\t\t\t\t<div class=\"elementor-element elementor-element-6780634 elementor-widget elementor-widget-heading\" data-id=\"6780634\" data-element_type=\"widget\" data-widget_type=\"heading.default\">\n\t\t\t\t\t<h2 class=\"elementor-heading-title elementor-size-default\">Our Mission<\/h2>\t\t\t\t<\/div>\n\t\t\t\t<div class=\"elementor-element elementor-element-2ae83538 elementor-widget elementor-widget-text-editor\" data-id=\"2ae83538\" data-element_type=\"widget\" data-widget_type=\"text-editor.default\">\n\t\t\t\t\t\t\t\t\t<p>Somos una organizaci\u00f3n que se origin\u00f3 en la Iglesia Cristiana en su presencia en Santa Rosa de Cabal producto del liderazgo y el compromiso comunitario, para apoyar los esfuerzos del Estado Colombiano en la b\u00fasqueda del mejoramiento integral de la calidad de vida de sus ciudadanos, en el \u00e1mbito social, econ\u00f3mico, cultural y ambiental; labor que realizamos a trav\u00e9s del desarrollo y aprovechamiento de los recursos del entorno local, regional, nacional e internacional, derivados de la investigaci\u00f3n, la gesti\u00f3n, la interacci\u00f3n y la planeaci\u00f3n con resultados.<\/p>\t\t\t\t\t\t\t\t<\/div>\n\t\t\t\t\t<\/div>\n\t\t<\/div>\n\t\t\t\t<div class=\"elementor-column elementor-col-50 elementor-top-column elementor-element elementor-element-13048146\" data-id=\"13048146\" data-element_type=\"column\">\n\t\t\t<div class=\"elementor-widget-wrap elementor-element-populated\">\n\t\t\t\t\t\t<div class=\"elementor-element elementor-element-1eaaee40 elementor-widget elementor-widget-image\" data-id=\"1eaaee40\" data-element_type=\"widget\" data-widget_type=\"image.default\">\n\t\t\t\t\t\t\t\t\t\t\t\t\t\t\t<img fetchpriority=\"high\" decoding=\"async\" width=\"550\" height=\"400\" src=\"https:\/\/fundacionsemillademostaza.com\/wp-content\/uploads\/2025\/08\/MISION.jpg\" class=\"attachment-full size-full wp-image-194\" alt=\"\" srcset=\"https:\/\/fundacionsemillademostaza.com\/wp-content\/uploads\/2025\/08\/MISION.jpg 550w, https:\/\/fundacionsemillademostaza.com\/wp-content\/uploads\/2025\/08\/MISION-300x218.jpg 300w\" sizes=\"(max-width: 550px) 100vw, 550px\" \/>\t\t\t\t\t\t\t\t\t\t\t\t\t\t\t<\/div>\n\t\t\t\t\t<\/div>\n\t\t<\/div>\n\t\t\t\t\t<\/div>\n\t\t<\/section>\n\t\t\t\t<section class=\"elementor-section elementor-top-section elementor-element elementor-element-512d140 elementor-section-boxed elementor-section-height-default elementor-section-height-default\" data-id=\"512d140\" data-element_type=\"section\" data-settings=\"{&quot;background_background&quot;:&quot;classic&quot;,&quot;_ha_eqh_enable&quot;:false}\">\n\t\t\t\t\t\t<div class=\"elementor-container elementor-column-gap-default\">\n\t\t\t\t\t<div class=\"elementor-column elementor-col-50 elementor-top-column elementor-element elementor-element-20bb050\" data-id=\"20bb050\" data-element_type=\"column\">\n\t\t\t<div class=\"elementor-widget-wrap elementor-element-populated\">\n\t\t\t\t\t\t<div class=\"elementor-element elementor-element-248563b elementor-widget elementor-widget-image\" data-id=\"248563b\" data-element_type=\"widget\" data-widget_type=\"image.default\">\n\t\t\t\t\t\t\t\t\t\t\t\t\t\t\t<img decoding=\"async\" width=\"550\" height=\"400\" src=\"https:\/\/fundacionsemillademostaza.com\/wp-content\/uploads\/2025\/08\/03-2.jpg\" class=\"attachment-full size-full wp-image-147\" alt=\"\" srcset=\"https:\/\/fundacionsemillademostaza.com\/wp-content\/uploads\/2025\/08\/03-2.jpg 550w, https:\/\/fundacionsemillademostaza.com\/wp-content\/uploads\/2025\/08\/03-2-300x218.jpg 300w\" sizes=\"(max-width: 550px) 100vw, 550px\" \/>\t\t\t\t\t\t\t\t\t\t\t\t\t\t\t<\/div>\n\t\t\t\t\t<\/div>\n\t\t<\/div>\n\t\t\t\t<div class=\"elementor-column elementor-col-50 elementor-top-column elementor-element elementor-element-c21f040\" data-id=\"c21f040\" data-element_type=\"column\">\n\t\t\t<div class=\"elementor-widget-wrap elementor-element-populated\">\n\t\t\t\t\t\t<div class=\"elementor-element elementor-element-c9b356b elementor-widget elementor-widget-heading\" data-id=\"c9b356b\" data-element_type=\"widget\" data-widget_type=\"heading.default\">\n\t\t\t\t\t<h2 class=\"elementor-heading-title elementor-size-default\">Our Vision<\/h2>\t\t\t\t<\/div>\n\t\t\t\t<div class=\"elementor-element elementor-element-28b44cf elementor-widget elementor-widget-text-editor\" data-id=\"28b44cf\" data-element_type=\"widget\" data-widget_type=\"text-editor.default\">\n\t\t\t\t\t\t\t\t\t<p>En un t\u00e9rmino de veinte a\u00f1os, es una gran Fundaci\u00f3n que desarrolla y aprovecha eficaz y eficientemente los recursos propios y los del entorno local, regional, nacional e internacional en la generaci\u00f3n de oportunidades y alternativas de progreso para la sociedad.<\/p>\t\t\t\t\t\t\t\t<\/div>\n\t\t\t\t\t<\/div>\n\t\t<\/div>\n\t\t\t\t\t<\/div>\n\t\t<\/section>\n\t\t\t\t<section class=\"elementor-section elementor-top-section elementor-element elementor-element-ae2f347 elementor-section-boxed elementor-section-height-default elementor-section-height-default\" data-id=\"ae2f347\" data-element_type=\"section\" data-settings=\"{&quot;background_background&quot;:&quot;classic&quot;,&quot;_ha_eqh_enable&quot;:false}\">\n\t\t\t\t\t\t<div class=\"elementor-container elementor-column-gap-default\">\n\t\t\t\t\t<div class=\"elementor-column elementor-col-50 elementor-top-column elementor-element elementor-element-2f16285\" data-id=\"2f16285\" data-element_type=\"column\">\n\t\t\t<div class=\"elementor-widget-wrap elementor-element-populated\">\n\t\t\t\t\t\t<div class=\"elementor-element elementor-element-c7f8f20 elementor-widget elementor-widget-heading\" data-id=\"c7f8f20\" data-element_type=\"widget\" data-widget_type=\"heading.default\">\n\t\t\t\t\t<h2 class=\"elementor-heading-title elementor-size-default\">Social Objective<\/h2>\t\t\t\t<\/div>\n\t\t\t\t<div class=\"elementor-element elementor-element-55d08b7 elementor-widget__width-initial elementor-widget elementor-widget-text-editor\" data-id=\"55d08b7\" data-element_type=\"widget\" data-widget_type=\"text-editor.default\">\n\t\t\t\t\t\t\t\t\t<p>El objeto principal de la fundaci\u00f3n es la ejecuci\u00f3n de programas que contribuyan al mejoramiento de la calidad de vida de las comunidades con menores oportunidades; en las \u00e1reas de: familia y sociedad en paz; desarrollo sociocultural; desarrollo econ\u00f3mico y productivo; desarrollo ambiental y en el \u00e1rea de planeaci\u00f3n, investigaci\u00f3n, asesor\u00eda y consultor\u00eda general.<\/p><p>As\u00ed mismo podr\u00e1 llevar a cabo, cualquier actividad econ\u00f3mica licita similar, conexas o complementarias que persiguen fines de beneficencia, el inter\u00e9s o utilidad com\u00fan y el mejoramiento de la calidad de vida, el bienestar com\u00fan o de inter\u00e9s social tanto en Colombia como en el Extranjero.<\/p>\t\t\t\t\t\t\t\t<\/div>\n\t\t\t\t\t<\/div>\n\t\t<\/div>\n\t\t\t\t<div class=\"elementor-column elementor-col-50 elementor-top-column elementor-element elementor-element-ee201f2\" data-id=\"ee201f2\" data-element_type=\"column\">\n\t\t\t<div class=\"elementor-widget-wrap elementor-element-populated\">\n\t\t\t\t\t\t<div class=\"elementor-element elementor-element-cb2f634 elementor-widget elementor-widget-image\" data-id=\"cb2f634\" data-element_type=\"widget\" data-widget_type=\"image.default\">\n\t\t\t\t\t\t\t\t\t\t\t\t\t\t\t<img decoding=\"async\" width=\"550\" height=\"400\" src=\"https:\/\/fundacionsemillademostaza.com\/wp-content\/uploads\/2025\/08\/00.jpg\" class=\"attachment-full size-full wp-image-133\" alt=\"\" srcset=\"https:\/\/fundacionsemillademostaza.com\/wp-content\/uploads\/2025\/08\/00.jpg 550w, https:\/\/fundacionsemillademostaza.com\/wp-content\/uploads\/2025\/08\/00-300x218.jpg 300w\" sizes=\"(max-width: 550px) 100vw, 550px\" \/>\t\t\t\t\t\t\t\t\t\t\t\t\t\t\t<\/div>\n\t\t\t\t\t<\/div>\n\t\t<\/div>\n\t\t\t\t\t<\/div>\n\t\t<\/section>\n\t\t\t\t<\/div>","protected":false},"excerpt":{"rendered":"<p>\u00bf Qui\u00e9nes S\u00f3mos ? \u00bf C\u00f3mo puedo ayudar ? Ver Estatutos Legales Nuestra Misi\u00f3n Somos una organizaci\u00f3n que se origin\u00f3 en la Iglesia Cristiana en su presencia en Santa Rosa de Cabal producto del liderazgo y el compromiso comunitario, para apoyar los esfuerzos del Estado Colombiano en la b\u00fasqueda del mejoramiento integral de la calidad [&hellip;]<\/p>","protected":false},"author":1,"featured_media":0,"parent":0,"menu_order":0,"comment_status":"closed","ping_status":"closed","template":"elementor_header_footer","meta":{"footnotes":""},"class_list":["post-23","page","type-page","status-publish","hentry"],"_links":{"self":[{"href":"https:\/\/fundacionsemillademostaza.com\/en\/wp-json\/wp\/v2\/pages\/23","targetHints":{"allow":["GET"]}}],"collection":[{"href":"https:\/\/fundacionsemillademostaza.com\/en\/wp-json\/wp\/v2\/pages"}],"about":[{"href":"https:\/\/fundacionsemillademostaza.com\/en\/wp-json\/wp\/v2\/types\/page"}],"author":[{"embeddable":true,"href":"https:\/\/fundacionsemillademostaza.com\/en\/wp-json\/wp\/v2\/users\/1"}],"replies":[{"embeddable":true,"href":"https:\/\/fundacionsemillademostaza.com\/en\/wp-json\/wp\/v2\/comments?post=23"}],"version-history":[{"count":50,"href":"https:\/\/fundacionsemillademostaza.com\/en\/wp-json\/wp\/v2\/pages\/23\/revisions"}],"predecessor-version":[{"id":527,"href":"https:\/\/fundacionsemillademostaza.com\/en\/wp-json\/wp\/v2\/pages\/23\/revisions\/527"}],"wp:attachment":[{"href":"https:\/\/fundacionsemillademostaza.com\/en\/wp-json\/wp\/v2\/media?parent=23"}],"curies":[{"name":"wp","href":"https:\/\/api.w.org\/{rel}","templated":true}]}}